{"id":138,"date":"2012-06-16T09:45:38","date_gmt":"2012-06-16T07:45:38","guid":{"rendered":"http:\/\/www.driftidentity.ibi.uw.edu.pl\/driftidentity2\/?page_id=138"},"modified":"2025-10-16T13:46:09","modified_gmt":"2025-10-16T11:46:09","slug":"publications","status":"publish","type":"page","link":"https:\/\/drift.al.uw.edu.pl\/driftidentity2\/library\/publications\/","title":{"rendered":"Publications"},"content":{"rendered":"<p lang=\"en-US\"><a href=\"https:\/\/drift.al.uw.edu.pl\/driftidentity2\/wp-content\/uploads\/2025\/10\/ZMThe-Self-and-Other-in-the-Contemporary-World.docx\">Zoja Morochojewa. The Self and Other in the Contemporary World. In: Rethinking Materialism: Making the World Material Again ; Sz.Wr\u00f3bel (ed), K.Skonieczny (ed). Palgrave MacMillan, 2025.<\/a><a href=\"https:\/\/drift.al.uw.edu.pl\/driftidentity2\/wp-content\/uploads\/2025\/10\/ZMThe-Self-and-Other-in-the-Contemporary-World.docx\">Chapter 14.<\/a><\/p>\n<p lang=\"en-US\"><a href=\"https:\/\/drift.al.uw.edu.pl\/driftidentity2\/wp-content\/uploads\/2024\/09\/RelT_CivCom.pdf\">Zoja Morochojewa. Relationalism and Cross-Civilizational Communication. Warsaw, DiG, 2023<\/a><\/p>\n<p><a href=\"https:\/\/drift.al.uw.edu.pl\/driftidentity2\/wp-content\/uploads\/2024\/09\/Czlowiek_jako_znak_Morochojewa_Zoja_et_al.pdf\">Zoja Morochojewa ,Matylda Urjasz-Raczko, Anna Wr\u00f3bel. Wsch\u00f3d to Wsch\u00f3d i Zach\u00f3d to Zach\u00f3d, i nigdy si\u0119 nie spotkaj\u0105? Studenci ze wschodnich cywilizacji na Uniwersytecie Warszawskim. [w:] Cz\u0142owiek jako znak Tom jubileuszowy dla uczczenia 70-lecia prof. dr. hab. Zbigniewa Klocha, praca zbior., red.E.Rudnicka, M.Ka\u017amierczak, H.Paulouskaya, E.Szcz\u0119sna, H.Witkowska, Warszawa, Wyd-wo Uniwersytetu Warszawskiego,2021. s 293-309.<\/a><\/p>\n<p><a href=\"http:\/\/al.uw.edu.pl\/book\/konteksty-dialogicznosci-contexts-of-dialogism\/\" target=\"_blank\" rel=\"noopener noreferrer\">Konteksty Dialogiczno\u015bci. Contexts of Dialogism, red. naukowa Z.Morochojewa, Warszawa, Wydzia\u0142 \u201eArtes Liberales\u201d UW, 2018, 210s.<\/a><\/p>\n<p><a href=\"http:\/\/www.unidif.al.uw.edu.pl\/driftidentity2\/wp-content\/uploads\/2018\/02\/zbior.pdf\">University-in-diff\u00e9rance: Zr\u00f3\u017cnicowanie w edukacji mi\u0119dzycywilizacyjnej\u00a0\/Red. naukowa\u00a0Zoja Morochojewa &#8211; AL UW, Warszawa 2016.- 259s.<\/a><\/p>\n<p><a href=\"http:\/\/www.unidif.al.uw.edu.pl\/driftidentity2\/wp-content\/uploads\/2017\/04\/Irina-Boldonova.-A-Hermeneutic-Dialogue-For-Sustainable-Development.docx\">Irina Boldonova. A Hermeneutic Dialogue For Sustainable Development<\/a>\u00a0 Presentation on\u00a0<em>International\u00a0 Conference\u00a0 on\u00a0<\/em><em>\u201cReciprocity: A Human Value in a Pluralistic World\u201d,\u00a0<\/em><em>Shanghai,\u00a0 June 29-30, 2016.<\/em><\/p>\n<p><a href=\"http:\/\/www.unidif.al.uw.edu.pl\/driftidentity2\/wp-content\/uploads\/2016\/12\/\u0411\u043e\u043b\u0434\u043e\u043d\u043e\u0432\u0430-3.pdf\">\u0411\u043e\u043b\u0434\u043e\u043d\u043e\u0432\u0430 \u0418. \u0421. \u0415\u0432\u0440\u0430\u0437\u0438\u0439\u0441\u043a\u0438\u0439 \u0444\u0440\u043e\u043d\u0442\u0438\u0440 \u0432 \u0434\u0438\u0430\u043b\u043e\u0433\u0435 \u043a\u0443\u043b\u044c\u0442\u0443\u0440 \u0412\u043e\u0441\u0442\u043e\u043a\u0430 \u0438 \u0417\u0430\u043f\u0430\u0434\u0430.<\/a>\u00a0\u2014 \u0423\u043b\u0430\u043d-\u0423\u0434\u044d: \u0418\u0437\u0434-\u0432\u043e \u0411\u0443\u0440\u044f\u0442\u0441\u043a\u043e\u0433\u043e \u0433\u043e\u0441\u0443\u043d\u0438\u0432\u0435\u0440\u0441\u0438\u0442\u0435\u0442\u0430, 2016. \u2014 236 \u0441.<\/p>\n<p><a href=\"http:\/\/www.driftidentity.ibi.uw.edu.pl\/driftidentity2\/wp-content\/uploads\/2014\/10\/3Boronoeva-Boldonova.pdf\">Irina Boldonova, Darima Boronoeva. The Buryats in China (Shenehen Buryats): the Role of School Education System in the Preservation of Identity. In: Styles of Communication. Vol.5, no.1\/2013, p.7-24.<\/a><\/p>\n<p><a href=\"http:\/\/www.driftidentity.ibi.uw.edu.pl\/driftidentity2\/wp-content\/uploads\/2012\/06\/838-2013-debaty-korekta-9-VIII.pdf\">\u041f\u043e\u0433\u0440\u0430\u043d\u0438\u0447\u044c\u044f \u0415\u0432\u0440\u043e-\u0410\u0437\u0438\u0438\/\u043f\u043e\u0434 \u0440\u0435\u0434. \u0417.\u041c\u043e\u0440\u043e\u0445\u043e\u0435\u0432\u043e\u0439. \u2013 DEBATY ARTES LIBERALES, TOM VII, \u0412\u0430\u0440\u0448\u0430\u0432\u0430, 2013. \u2013 383 c.<\/a><\/p>\n<p><a href=\"http:\/\/www.driftidentity.ibi.uw.edu.pl\/driftidentity2\/wp-content\/uploads\/2013\/12\/ZMPDF2.pdf\">\u041c\u043e\u0440\u043e\u0445\u043e\u0435\u0432\u0430 \u0417\u043e\u044f. \u0414\u0438\u0430\u043b\u043e\u0433 \u043a\u0443\u043b\u044c\u0442\u0443\u0440 \u0412\u043e\u0441\u0442\u043e\u043a\u0430 \u0438 \u0417\u0430\u043f\u0430\u0434\u0430 \u0432 \u044d\u043f\u043e\u0445\u0443 \u0433\u043b\u043e\u0431\u0430\u043b\u0438\u0437\u0430\u0446\u0438\u0438. \u041f\u0435\u0440\u0441\u043f\u0435\u043a\u0442\u0438\u0432\u0430 \u0415\u0432\u0440\u043e-\u0410\u0437\u0438\u0438. \u041a\u0438\u0435\u0432-\u0412\u0430\u0440\u0448\u0430\u0432\u0430, 2013. \u2013 332 c.<\/a><\/p>\n<p><a href=\"http:\/\/www.unidif.al.uw.edu.pl\/driftidentity2\/wp-content\/uploads\/2018\/02\/33-2013-debaty-druk.pdf\">\u041f\u043e\u0433\u0440\u0430\u043d\u0438\u0447\u044c\u0435 \u041a\u0443\u043b\u044c\u0442\u0443\u0440 \u2013 \u041a\u0443\u043b\u044c\u0442\u0443\u0440\u044b \u041f\u043e\u0433\u0440\u0430\u043d\u0438\u0447\u044c\u044f \/ \u043f\u043e\u0434 \u0440\u0435\u0434. \u0417.\u041c\u043e\u0440\u043e\u0445\u043e\u0435\u0432\u043e\u0439. &#8211; DEBATY ARTES LIBERALES, TOM VI, \u0412\u0430\u0440\u0448\u0430\u0432\u0430, 2012. \u2013 312 c.<\/a><\/p>\n<p><a href=\"http:\/\/www.obta.uw.edu.pl\/pliki\/publikacje\/elektroniczne\/Debaty%20IBI%20AL%20-%20t%20IV%202011.pdf\" target=\"_blank\" rel=\"noopener noreferrer\">\u0426\u0438\u0432\u0438\u043b\u0438\u0437\u0430\u0446\u0438\u043e\u043d\u043d\u044b\u0439 \u0432\u044b\u0431\u043e\u0440 \u0438 \u041f\u043e\u0433\u0440\u0430\u043d\u0438\u0447\u044c\u0435<\/a> \/ \u043f\u043e\u0434 \u0440\u0435\u0434. \u042f.\u041a\u0435\u043d\u0435\u0432\u0438\u0447a. &#8211; DEBATY IBI AL, TOM IV, \u0412\u0430\u0440\u0448\u0430\u0432\u0430, 2011. \u2013 354 c.<\/p>\n<p><a href=\"http:\/\/www.driftidentity.ibi.uw.edu.pl\/driftidentity2\/wp-content\/uploads\/2012\/06\/Zhernosenko-Kultura-Sibiri-i-Altaya.pdf\">\u0416\u0435\u0440\u043d\u043e\u0441\u0435\u043d\u043a\u043e \u0418.\u0410., \u0411\u0430\u043b\u0430\u043a\u0438\u043d\u0430 \u0415.\u0418.\u00a0\u041a\u0443\u043b\u044c\u0442\u0443\u0440\u0430 \u0421\u0438\u0431\u0438\u0440\u0438 \u0438 \u0410\u043b\u0442\u0430\u044f. \u0411\u0430\u0440\u043d\u0430\u0443\u043b, 2011. &#8211; 208\u0441.<\/a><\/p>\n<p><a href=\"https:\/\/drift.al.uw.edu.pl\/driftidentity2\/wp-content\/uploads\/2020\/12\/Boldonova-presentation-Eurasian-Frontier.ppt\">Irina Boldonova. Presentation at the conference &#8220;Eurasian Frontier: Concept &#8220;national&#8221; in Russian, Mongolian, Chinese and Buryat Languages and Imaginative Writing. 2011<\/a><\/p>\n","protected":false},"excerpt":{"rendered":"<p>Zoja Morochojewa. The Self and Other in the Contemporary World. In: Rethinking Materialism: Making the World Material Again ; Sz.Wr\u00f3bel&#8230; <a class=\"read-more-button\" href=\"https:\/\/drift.al.uw.edu.pl\/driftidentity2\/library\/publications\/\">Read more &gt;<\/a><\/p>\n","protected":false},"author":1,"featured_media":0,"parent":135,"menu_order":0,"comment_status":"open","ping_status":"open","template":"","meta":{"footnotes":""},"class_list":["post-138","page","type-page","status-publish","hentry"],"_links":{"self":[{"href":"https:\/\/drift.al.uw.edu.pl\/driftidentity2\/wp-json\/wp\/v2\/pages\/138","targetHints":{"allow":["GET"]}}],"collection":[{"href":"https:\/\/drift.al.uw.edu.pl\/driftidentity2\/wp-json\/wp\/v2\/pages"}],"about":[{"href":"https:\/\/drift.al.uw.edu.pl\/driftidentity2\/wp-json\/wp\/v2\/types\/page"}],"author":[{"embeddable":true,"href":"https:\/\/drift.al.uw.edu.pl\/driftidentity2\/wp-json\/wp\/v2\/users\/1"}],"replies":[{"embeddable":true,"href":"https:\/\/drift.al.uw.edu.pl\/driftidentity2\/wp-json\/wp\/v2\/comments?post=138"}],"version-history":[{"count":56,"href":"https:\/\/drift.al.uw.edu.pl\/driftidentity2\/wp-json\/wp\/v2\/pages\/138\/revisions"}],"predecessor-version":[{"id":2711,"href":"https:\/\/drift.al.uw.edu.pl\/driftidentity2\/wp-json\/wp\/v2\/pages\/138\/revisions\/2711"}],"up":[{"embeddable":true,"href":"https:\/\/drift.al.uw.edu.pl\/driftidentity2\/wp-json\/wp\/v2\/pages\/135"}],"wp:attachment":[{"href":"https:\/\/drift.al.uw.edu.pl\/driftidentity2\/wp-json\/wp\/v2\/media?parent=138"}],"curies":[{"name":"wp","href":"https:\/\/api.w.org\/{rel}","templated":true}]}}